{"id":1645,"date":"2023-03-28T19:04:46","date_gmt":"2023-03-28T19:04:46","guid":{"rendered":"https:\/\/prep4kagt1.geotermika.hr\/contact-2-2\/"},"modified":"2023-05-17T12:31:31","modified_gmt":"2023-05-17T12:31:31","slug":"contact","status":"publish","type":"page","link":"https:\/\/prep4kagt1.geotermika.hr\/en\/contact\/","title":{"rendered":"Contact"},"content":{"rendered":"\t\t<div data-elementor-type=\"wp-page\" data-elementor-id=\"1645\" class=\"elementor elementor-1645 elementor-1109\">\n\t\t\t\t\t\t\t\t\t<section class=\"elementor-section elementor-top-section elementor-element elementor-element-90ab30e elementor-section-full_width elementor-section-height-default elementor-section-height-default\" data-id=\"90ab30e\" data-element_type=\"section\">\n\t\t\t\t\t\t<div class=\"elementor-container elementor-column-gap-no\">\n\t\t\t\t\t<div class=\"elementor-column elementor-col-100 elementor-top-column elementor-element elementor-element-e402610\" data-id=\"e402610\" data-element_type=\"column\">\n\t\t\t<div class=\"elementor-widget-wrap elementor-element-populated\">\n\t\t\t\t\t\t\t\t<div class=\"elementor-element elementor-element-db75b4d elementor-align-left elementor-widget elementor-widget-pages-header\" data-id=\"db75b4d\" data-element_type=\"widget\" data-widget_type=\"pages-header.default\">\n\t\t\t\t<div class=\"elementor-widget-container\">\n\t\t\t\r\n\t\t<div class=\"header_extension\">\r\n\t\t\t<div class=\"container\">\r\n\t\t\t\t<div class=\"section_header\">\r\n\t\t\t\t\t\t\t\t\t\t<span class=\"subtitle subtitle--extended\">Contact us<\/span>\r\n\t\t\t\t\t\t\t\t\t\t\t\t\t\t\t<h1 class=\"title\">Contact<\/h1>\r\n\t\t\t\t\t\t\t\t\t\t<ul class=\"breadcrumbs d-flex align-items-center\">\r\n\t\t\t\t\t\t\t\t\t\t\t\t\t\t\t\t\t\t<li class=\"breadcrumbs_item breadcrumbs_item--current\">\r\n\t\t\t\t\t\t\t<span>Contact<\/span>\r\n\t\t\t\t\t\t<\/li>\r\n\t\t\t\t\t\t\t\t\t\t\t<\/ul>\r\n\t\t\t\t<\/div>\r\n\t\t\t<\/div>\r\n\t\t\t\t\t\t<picture>\r\n\t\t\t\t<img decoding=\"async\" class=\"lazy plan\" data-src=\"https:\/\/shtheme.com\/demosd\/axial\/wp-content\/uploads\/2022\/08\/plan-resize.png\" src=\"https:\/\/shtheme.com\/demosd\/axial\/wp-content\/uploads\/2022\/08\/plan-resize.png\" alt=\"media\" data-role=\"deco\" \/>\r\n\t\t\t<\/picture>\r\n\t\t\t<\/div>\r\n<\/header>\r\n<main>\r\n\r\n\t\t\t<\/div>\n\t\t\t\t<\/div>\n\t\t\t\t\t<\/div>\n\t\t<\/div>\n\t\t\t\t\t\t\t<\/div>\n\t\t<\/section>\n\t\t\t\t<section class=\"elementor-section elementor-top-section elementor-element elementor-element-08315bd elementor-section-full_width elementor-section-height-default elementor-section-height-default\" data-id=\"08315bd\" data-element_type=\"section\">\n\t\t\t\t\t\t<div class=\"elementor-container elementor-column-gap-no\">\n\t\t\t\t\t<div class=\"elementor-column elementor-col-100 elementor-top-column elementor-element elementor-element-4469db5\" data-id=\"4469db5\" data-element_type=\"column\">\n\t\t\t<div class=\"elementor-widget-wrap elementor-element-populated\">\n\t\t\t\t\t\t\t\t<div class=\"elementor-element elementor-element-bf791fe elementor-align-left elementor-widget elementor-widget-pages-contact-2\" data-id=\"bf791fe\" data-element_type=\"widget\" data-widget_type=\"pages-contact-2.default\">\n\t\t\t\t<div class=\"elementor-widget-container\">\n\t\t\t\t\t<main>\r\n\t\t\t<section class=\"contact section\">\r\n\t\t\t\t<div class=\"container d-flex flex-wrap justify-content-center justify-content-lg-between align-items-end\">\r\n\t\t\t\t\t<div class=\"wrapper wrapper--form col-12 col-lg-6\">\r\n\t\t\t\t\t\t<div class=\"contact_header section_header\">\r\n\t\t\t\t\t\t\t\t\t\t\t\t\t\t\t\t\t\t\t\t\t\t\t\t\t\t\t<\/div>\r\n\t\t\t\t\t\t\t\t\t\t\t\t<div class=\"wpforms-container wpforms-container-full\" id=\"wpforms-1074\"><form id=\"wpforms-form-1074\" class=\"wpforms-validate wpforms-form wpforms-ajax-form\" data-formid=\"1074\" method=\"post\" enctype=\"multipart\/form-data\" action=\"\/en\/wp-json\/wp\/v2\/pages\/1645\" data-token=\"55d5421f08c1f8a2ff1fd7d3f21e3dd2\"><noscript class=\"wpforms-error-noscript\">Please enable JavaScript in your browser to complete this form.<\/noscript><div class=\"wpforms-field-container\"><div id=\"wpforms-1074-field_0-container\" class=\"wpforms-field wpforms-field-name\" data-field-id=\"0\"><label class=\"wpforms-field-label\" for=\"wpforms-1074-field_0\">First and last name <span class=\"wpforms-required-label\">*<\/span><\/label><input type=\"text\" id=\"wpforms-1074-field_0\" class=\"wpforms-field-large wpforms-field-required\" name=\"wpforms[fields][0]\" placeholder=\"First and last name\" required><\/div><div id=\"wpforms-1074-field_1-container\" class=\"wpforms-field wpforms-field-email\" data-field-id=\"1\"><label class=\"wpforms-field-label\" for=\"wpforms-1074-field_1\">Email <span class=\"wpforms-required-label\">*<\/span><\/label><input type=\"email\" id=\"wpforms-1074-field_1\" class=\"wpforms-field-large wpforms-field-required\" name=\"wpforms[fields][1]\" placeholder=\"Email\" spellcheck=\"false\" required><\/div><div id=\"wpforms-1074-field_3-container\" class=\"wpforms-field wpforms-field-text\" data-field-id=\"3\"><label class=\"wpforms-field-label\" for=\"wpforms-1074-field_3\">Subject <span class=\"wpforms-required-label\">*<\/span><\/label><input type=\"text\" id=\"wpforms-1074-field_3\" class=\"wpforms-field-large wpforms-field-required\" name=\"wpforms[fields][3]\" placeholder=\"Subject\" required><\/div><div id=\"wpforms-1074-field_2-container\" class=\"wpforms-field wpforms-field-textarea\" data-field-id=\"2\"><label class=\"wpforms-field-label\" for=\"wpforms-1074-field_2\">Message <span class=\"wpforms-required-label\">*<\/span><\/label><textarea id=\"wpforms-1074-field_2\" class=\"wpforms-field-medium wpforms-field-required\" name=\"wpforms[fields][2]\" placeholder=\"Message\" required><\/textarea><\/div><\/div><!-- .wpforms-field-container --><div class=\"wpforms-submit-container\" ><input type=\"hidden\" name=\"wpforms[id]\" value=\"1074\"><input type=\"hidden\" name=\"wpforms[author]\" value=\"1\"><button type=\"submit\" name=\"wpforms[submit]\" id=\"wpforms-submit-1074\" class=\"wpforms-submit\" data-alt-text=\"Sending...\" data-submit-text=\"Send\" aria-live=\"assertive\" value=\"wpforms-submit\">Send<\/button><img loading=\"lazy\" decoding=\"async\" src=\"https:\/\/prep4kagt1.geotermika.hr\/wp-content\/plugins\/wpforms-lite\/assets\/images\/submit-spin.svg\" class=\"wpforms-submit-spinner\" style=\"display: none;\" width=\"26\" height=\"26\" alt=\"Loading\"><\/div><\/form><\/div>  <!-- .wpforms-container -->\t\t\t\t\t\t\t\t\t\t\t<\/div>\r\n\t\t\t\t\t<div class=\"wrapper wrapper--bg col-12 col-lg-5\">\r\n\t\t\t\t\t\t<ul class=\"contact_info contact-info\">\r\n\t\t\t\t\t\t\t\t\t\t\t\t\t\t\t<li class=\"contact-info_group\">\r\n\t\t\t\t\t\t\t\t\t\t\t\t\t\t\t\t\t\t\t<span class=\"name\">Address<\/span>\r\n\t\t\t\t\t\t\t\t\t\t\t\t\t\t\t\t\t\t\t\t\t\t\t\t\t\t\t\t\t\t\t\t\t\t\t\t\t\t\t<span class=\"content\">Ulica Ivana Banjav\u010di\u0107a 9, <br>\n47 000 Karlovac<\/span>\r\n\t\t\t\t\t\t\t\t\t\t\t\t\t\t\t\t\t\t\t \r\n\t\t\t\t\t\t\t\t<\/li>\r\n\t\t\t\t\t\t\t\t\t\t\t\t\t\t\t<li class=\"contact-info_group\">\r\n\t\t\t\t\t\t\t\t\t\t\t\t\t\t\t\t\t\t\t<span class=\"name\">Email<\/span>\r\n\t\t\t\t\t\t\t\t\t\t\t\t\t\t\t\t\t\t\t\t\t\t\t\t\t\t\t\t\t\t\t\t\t\t\t\t\t\t\t<span class=\"content d-inline-flex flex-column\">\r\n\t\t\t\t\t\t\t\t\t\t\t\tdirektor@geotermika.hr\t\t\t\t\t\t\t\t\t\t\t<\/span>\r\n\t\t\t\t\t\t\t\t\t\t\t\t\t\t\t\t\t\t\t \r\n\t\t\t\t\t\t\t\t<\/li>\r\n\t\t\t\t\t\t\t\t\t\t\t\t\t\t\t<li class=\"contact-info_group\">\r\n\t\t\t\t\t\t\t\t\t\t\t\t\t\t\t\t\t\t\t<span class=\"name\">Phone<\/span>\r\n\t\t\t\t\t\t\t\t\t\t\t\t\t\t\t\t\t\t\t\t\t\t\t\t\t\t\t\t\t\t\t\t\t\t\t\t\t\t\t<span class=\"content d-inline-flex flex-column\">\r\n\t\t\t\t\t\t\t\t\t\t\t\t<a class=\"link\" href=\"tel:+38547639956\">Tel:  +385 47 639 956<\/a>\n\n\t\t\t\t\t\t\t\t\t\t\t<\/span>\r\n\t\t\t\t\t\t\t\t\t\t\t\t\t\t\t\t\t\t\t \r\n\t\t\t\t\t\t\t\t<\/li>\r\n\t\t\t\t\t\t\t\t\t\t\t\t\t<\/ul>\r\n\t\t\t\t\t\t<ul class=\"socials d-flex align-items-center justify-content-start\">\r\n\t\t\t\t\t\t\t\t\t\t\t\t\t\t\t<li class=\"socials_item\">\r\n\t\t\t\t\t\t\t\t\t\t\t\t\t\t\t\t\t<\/li>\r\n\t\t\t\t\t\t\t\t\t\t\t\t\t<\/ul>\r\n\t\t\t\t\t<\/div>\r\n\t\t\t\t<\/div>\r\n\t\t\t<\/section>\r\n\t\t\t\t\t\t<div class=\"contacts_map container-fluid p-0\">\r\n\t\t\t\t<iframe src=\"https:\/\/www.google.com\/maps\/embed?pb=!1m18!1m12!1m3!1d89500.43592802556!2d15.48953733627806!3d45.492187548573256!2m3!1f0!2f0!3f0!3m2!1i1024!2i768!4f13.1!3m3!1m2!1s0x47642331b9df2dc1%3A0x400ad50862bbb70!2sKarlovac!5e0!3m2!1sen!2shr!4v1680030500447!5m2!1sen!2shr\" width=\"100%\" height=\"660\" style=\"border:0;\" allowfullscreen=\"\" loading=\"lazy\" referrerpolicy=\"no-referrer-when-downgrade\"><\/iframe>\r\n\t\t\t<\/div>\r\n\t\t\t\t\t<\/main>\r\n\t\t\t<\/div>\n\t\t\t\t<\/div>\n\t\t\t\t\t<\/div>\n\t\t<\/div>\n\t\t\t\t\t\t\t<\/div>\n\t\t<\/section>\n\t\t\t\t\t\t\t<\/div>\n\t\t","protected":false},"excerpt":{"rendered":"<p>Contact us Contact Contact Please enable JavaScript in your browser to complete this form.Ime i prezime *Email *Predmet *Poruka * Po\u0161alji Address Ulica Ivana Banjav\u010di\u0107a 9, 47 000 Karlovac Email direktor@geotermika.hr Phone Tel: +385 47 639 956<\/p>\n","protected":false},"author":1,"featured_media":0,"parent":0,"menu_order":0,"comment_status":"closed","ping_status":"closed","template":"page-templates\/contact-2-template.php","meta":{"footnotes":""},"class_list":["post-1645","page","type-page","status-publish","hentry"],"_links":{"self":[{"href":"https:\/\/prep4kagt1.geotermika.hr\/en\/wp-json\/wp\/v2\/pages\/1645","targetHints":{"allow":["GET"]}}],"collection":[{"href":"https:\/\/prep4kagt1.geotermika.hr\/en\/wp-json\/wp\/v2\/pages"}],"about":[{"href":"https:\/\/prep4kagt1.geotermika.hr\/en\/wp-json\/wp\/v2\/types\/page"}],"author":[{"embeddable":true,"href":"https:\/\/prep4kagt1.geotermika.hr\/en\/wp-json\/wp\/v2\/users\/1"}],"replies":[{"embeddable":true,"href":"https:\/\/prep4kagt1.geotermika.hr\/en\/wp-json\/wp\/v2\/comments?post=1645"}],"version-history":[{"count":5,"href":"https:\/\/prep4kagt1.geotermika.hr\/en\/wp-json\/wp\/v2\/pages\/1645\/revisions"}],"predecessor-version":[{"id":1651,"href":"https:\/\/prep4kagt1.geotermika.hr\/en\/wp-json\/wp\/v2\/pages\/1645\/revisions\/1651"}],"wp:attachment":[{"href":"https:\/\/prep4kagt1.geotermika.hr\/en\/wp-json\/wp\/v2\/media?parent=1645"}],"curies":[{"name":"wp","href":"https:\/\/api.w.org\/{rel}","templated":true}]}}